{"id":26,"date":"2011-04-24T09:37:28","date_gmt":"2011-04-24T07:37:28","guid":{"rendered":"http:\/\/eldar.cz\/tompatrick\/?page_id=26"},"modified":"2011-04-24T10:21:05","modified_gmt":"2011-04-24T08:21:05","slug":"nove-kapitoly-mailem","status":"publish","type":"page","link":"https:\/\/eldar.cz\/tompatrick\/nove-kapitoly-mailem","title":{"rendered":"Nov\u00e9 kapitoly mailem"},"content":{"rendered":"<div class=\"fcbkbttn_buttons_block\" id=\"fcbkbttn_left\"><div class=\"fcbkbttn_button\">\n                            <a href=\"https:\/\/www.facebook.com\/tom.patrick.509\" target=\"_blank\">\n                                <img decoding=\"async\" src=\"https:\/\/eldar.cz\/tompatrick\/wp-content\/plugins\/facebook-button-plugin\/images\/large-facebook-ico.png\" alt=\"Fb-Button\" \/>\n                            <\/a>\n                        <\/div><div class=\"fcbkbttn_like fcbkbttn_large_button\"><fb:like href=\"https:\/\/eldar.cz\/tompatrick\/nove-kapitoly-mailem\" action=\"like\" colorscheme=\"light\" layout=\"standard\"  width=\"225px\" size=\"large\"><\/fb:like><\/div><div class=\"fb-share-button fcbkbttn_large_button \" data-href=\"https:\/\/eldar.cz\/tompatrick\/nove-kapitoly-mailem\" data-type=\"button_count\" data-size=\"large\"><\/div><\/div><p>&nbsp;<\/p>\n<p>Pokud chcete dost\u00e1vat nov\u00e9 kapitoly mailem ve chv\u00edli, kdy budou zve\u0159ejn\u011bny, vypl\u0148te zde svou emailovou adresu a klikn\u011bte na &#8220;subscribe&#8221;.<\/p>\n<p>Pokud naopak emaily ji\u017e dost\u00e1v\u00e1te a m\u00e1te jich pln\u00e9 zuby (co\u017e by n\u00e1s mrzelo), vypl\u0148te zde sv\u016fj email a klikn\u011bte na &#8220;unsubscribe&#8221;. <form name=\"s2form\" method=\"post\" action=\"https:\/\/eldar.cz\/tompatrick\/nove-kapitoly-mailem\"><input type=\"hidden\" name=\"ip\" value=\"216.73.216.249\" \/><span style=\"display:none !important\"><label for=\"firstname\">Leave This Blank:<\/label><input type=\"text\" id=\"firstname\" name=\"firstname\" \/><label for=\"lastname\">Leave This Blank Too:<\/label><input type=\"text\" id=\"lastname\" name=\"lastname\" \/><label for=\"uri\">Do Not Change This:<\/label><input type=\"text\" id=\"uri\" name=\"uri\" value=\"http:\/\/\" \/><\/span><p><label for=\"s2email\">Your email:<\/label><br><input type=\"email\" name=\"email\" id=\"s2email\" value=\"Enter email address...\" size=\"20\" onfocus=\"if (this.value === 'Enter email address...') {this.value = '';}\" onblur=\"if (this.value === '') {this.value = 'Enter email address...';}\" \/><\/p><p><input type=\"submit\" name=\"subscribe\" value=\"Subscribe\" \/>&nbsp;<input type=\"submit\" name=\"unsubscribe\" value=\"Unsubscribe\" \/><\/p><\/form>\r\n\n<div class=\"fcbkbttn_buttons_block\" id=\"fcbkbttn_left\"><div class=\"fcbkbttn_button\">\n                            <a href=\"https:\/\/www.facebook.com\/tom.patrick.509\" target=\"_blank\">\n                                <img decoding=\"async\" src=\"https:\/\/eldar.cz\/tompatrick\/wp-content\/plugins\/facebook-button-plugin\/images\/large-facebook-ico.png\" alt=\"Fb-Button\" \/>\n                            <\/a>\n                        <\/div><div class=\"fcbkbttn_like fcbkbttn_large_button\"><fb:like href=\"https:\/\/eldar.cz\/tompatrick\/nove-kapitoly-mailem\" action=\"like\" colorscheme=\"light\" layout=\"standard\"  width=\"225px\" size=\"large\"><\/fb:like><\/div><div class=\"fb-share-button fcbkbttn_large_button \" data-href=\"https:\/\/eldar.cz\/tompatrick\/nove-kapitoly-mailem\" data-type=\"button_count\" data-size=\"large\"><\/div><\/div>","protected":false},"excerpt":{"rendered":"<p>&nbsp; Pokud chcete dost\u00e1vat nov\u00e9 kapitoly mailem ve chv\u00edli, kdy budou zve\u0159ejn\u011bny, vypl\u0148te zde svou emailovou adresu a klikn\u011bte na &#8220;subscribe&#8221;. Pokud naopak emaily ji\u017e dost\u00e1v\u00e1te a m\u00e1te jich pln\u00e9 zuby (co\u017e by n\u00e1s mrzelo), vypl\u0148te zde sv\u016fj email a &hellip; <a href=\"https:\/\/eldar.cz\/tompatrick\/nove-kapitoly-mailem\">Cel\u00fd p\u0159\u00edsp\u011bvek <span class=\"meta-nav\">&rarr;<\/span><\/a><\/p>\n","protected":false},"author":1,"featured_media":0,"parent":0,"menu_order":3,"comment_status":"open","ping_status":"open","template":"","meta":{"_s2mail":"yes","footnotes":""},"class_list":["post-26","page","type-page","status-publish","hentry"],"_links":{"self":[{"href":"https:\/\/eldar.cz\/tompatrick\/wp-json\/wp\/v2\/pages\/26","targetHints":{"allow":["GET"]}}],"collection":[{"href":"https:\/\/eldar.cz\/tompatrick\/wp-json\/wp\/v2\/pages"}],"about":[{"href":"https:\/\/eldar.cz\/tompatrick\/wp-json\/wp\/v2\/types\/page"}],"author":[{"embeddable":true,"href":"https:\/\/eldar.cz\/tompatrick\/wp-json\/wp\/v2\/users\/1"}],"replies":[{"embeddable":true,"href":"https:\/\/eldar.cz\/tompatrick\/wp-json\/wp\/v2\/comments?post=26"}],"version-history":[{"count":4,"href":"https:\/\/eldar.cz\/tompatrick\/wp-json\/wp\/v2\/pages\/26\/revisions"}],"predecessor-version":[{"id":33,"href":"https:\/\/eldar.cz\/tompatrick\/wp-json\/wp\/v2\/pages\/26\/revisions\/33"}],"wp:attachment":[{"href":"https:\/\/eldar.cz\/tompatrick\/wp-json\/wp\/v2\/media?parent=26"}],"curies":[{"name":"wp","href":"https:\/\/api.w.org\/{rel}","templated":true}]}}