{"id":2,"date":"2011-04-21T11:13:17","date_gmt":"2011-04-21T11:13:17","guid":{"rendered":"http:\/\/eldar.cz\/tompatrick\/?page_id=2"},"modified":"2011-10-06T17:41:23","modified_gmt":"2011-10-06T15:41:23","slug":"city_means2","status":"publish","type":"page","link":"https:\/\/eldar.cz\/tompatrick\/city_means2","title":{"rendered":"O knize City Means II."},"content":{"rendered":"<div class=\"fcbkbttn_buttons_block\" id=\"fcbkbttn_left\"><div class=\"fcbkbttn_button\">\n                            <a href=\"https:\/\/www.facebook.com\/tom.patrick.509\" target=\"_blank\">\n                                <img decoding=\"async\" src=\"https:\/\/eldar.cz\/tompatrick\/wp-content\/plugins\/facebook-button-plugin\/images\/large-facebook-ico.png\" alt=\"Fb-Button\" \/>\n                            <\/a>\n                        <\/div><div class=\"fcbkbttn_like fcbkbttn_large_button\"><fb:like href=\"https:\/\/eldar.cz\/tompatrick\/city_means2\" action=\"like\" colorscheme=\"light\" layout=\"standard\"  width=\"225px\" size=\"large\"><\/fb:like><\/div><div class=\"fb-share-button fcbkbttn_large_button \" data-href=\"https:\/\/eldar.cz\/tompatrick\/city_means2\" data-type=\"button_count\" data-size=\"large\"><\/div><\/div><p>V druh\u00e9m pokra\u010dov\u00e1n\u00ed insitn\u00edho rom\u00e1nu Toma Patricka se n\u00e1m op\u011bt p\u0159edstavuje Kataln\u00e1 Mochna \u2013 m\u011bsto na prvn\u00ed pohled zcela oby\u010dejn\u00e9, na ten druh\u00fd \u010di t\u0159et\u00ed v\u0161ak p\u0159eci jen v n\u011b\u010dem v\u00fdjime\u010dn\u00e9. Co n\u00e1m \u0159\u00edkaj\u00ed sny, kter\u00e9 n\u00e1s noc co noc prov\u00e1z\u00ed na\u0161imi \u017eivoty? Zat\u00edmco v b\u011b\u017en\u00e9m \u017eivot\u011b je jejich rozlu\u0161t\u011bn\u00ed mnohdy slo\u017eit\u00e9 a neuchopiteln\u00e9, ve sv\u011bt\u011b knihy by pr\u00e1v\u011b sny m\u011bly p\u0159edes\u00edlat jist\u00e1 konkr\u00e9tn\u00ed posl\u00e1n\u00ed. Ov\u0161em dok\u00e1\u017ee t\u011bm sv\u00fdm Ema spr\u00e1vn\u011b naslouchat a jejich prost\u0159ednictv\u00edm uskute\u010dnit ve sv\u00e9m \u017eivot\u011b z\u00e1sadn\u00ed rozhodnut\u00ed? O tom se pr\u00e1v\u011b m\u016f\u017eete na vlastn\u00ed \u010dten\u00e1\u0159sk\u00e9 o\u010di p\u0159esv\u011bd\u010dit. Ema Chardov\u00e1, po Alexand\u0159e Janov\u00e9 druh\u00e1 pr\u016fvodkyn\u011b v po\u0159ad\u00ed, v\u00e1s srde\u010dn\u011b zve do sv\u00e9ho rodn\u00e9ho m\u011bsta a poodhaluje nejen mnoh\u00e9 z jeho taj\u016f, ale i ze sv\u00e9ho soukrom\u00ed.<\/p>\n<p>Vych\u00e1z\u00ed ka\u017ed\u00e9 pond\u011bl\u00ed kolem dev\u00e1t\u00e9 r\u00e1no.<\/p>\n<p>&nbsp;<\/p>\n<div class=\"fcbkbttn_buttons_block\" id=\"fcbkbttn_left\"><div class=\"fcbkbttn_button\">\n                            <a href=\"https:\/\/www.facebook.com\/tom.patrick.509\" target=\"_blank\">\n                                <img decoding=\"async\" src=\"https:\/\/eldar.cz\/tompatrick\/wp-content\/plugins\/facebook-button-plugin\/images\/large-facebook-ico.png\" alt=\"Fb-Button\" \/>\n                            <\/a>\n                        <\/div><div class=\"fcbkbttn_like fcbkbttn_large_button\"><fb:like href=\"https:\/\/eldar.cz\/tompatrick\/city_means2\" action=\"like\" colorscheme=\"light\" layout=\"standard\"  width=\"225px\" size=\"large\"><\/fb:like><\/div><div class=\"fb-share-button fcbkbttn_large_button \" data-href=\"https:\/\/eldar.cz\/tompatrick\/city_means2\" data-type=\"button_count\" data-size=\"large\"><\/div><\/div>","protected":false},"excerpt":{"rendered":"<p>V druh\u00e9m pokra\u010dov\u00e1n\u00ed insitn\u00edho rom\u00e1nu Toma Patricka se n\u00e1m op\u011bt p\u0159edstavuje Kataln\u00e1 Mochna \u2013 m\u011bsto na prvn\u00ed pohled zcela oby\u010dejn\u00e9, na ten druh\u00fd \u010di t\u0159et\u00ed v\u0161ak p\u0159eci jen v n\u011b\u010dem v\u00fdjime\u010dn\u00e9. Co n\u00e1m \u0159\u00edkaj\u00ed sny, kter\u00e9 n\u00e1s noc co noc &hellip; <a href=\"https:\/\/eldar.cz\/tompatrick\/city_means2\">Cel\u00fd p\u0159\u00edsp\u011bvek <span class=\"meta-nav\">&rarr;<\/span><\/a><\/p>\n","protected":false},"author":2,"featured_media":0,"parent":0,"menu_order":0,"comment_status":"open","ping_status":"open","template":"","meta":{"_s2mail":"no","footnotes":""},"class_list":["post-2","page","type-page","status-publish","hentry"],"_links":{"self":[{"href":"https:\/\/eldar.cz\/tompatrick\/wp-json\/wp\/v2\/pages\/2","targetHints":{"allow":["GET"]}}],"collection":[{"href":"https:\/\/eldar.cz\/tompatrick\/wp-json\/wp\/v2\/pages"}],"about":[{"href":"https:\/\/eldar.cz\/tompatrick\/wp-json\/wp\/v2\/types\/page"}],"author":[{"embeddable":true,"href":"https:\/\/eldar.cz\/tompatrick\/wp-json\/wp\/v2\/users\/2"}],"replies":[{"embeddable":true,"href":"https:\/\/eldar.cz\/tompatrick\/wp-json\/wp\/v2\/comments?post=2"}],"version-history":[{"count":6,"href":"https:\/\/eldar.cz\/tompatrick\/wp-json\/wp\/v2\/pages\/2\/revisions"}],"predecessor-version":[{"id":542,"href":"https:\/\/eldar.cz\/tompatrick\/wp-json\/wp\/v2\/pages\/2\/revisions\/542"}],"wp:attachment":[{"href":"https:\/\/eldar.cz\/tompatrick\/wp-json\/wp\/v2\/media?parent=2"}],"curies":[{"name":"wp","href":"https:\/\/api.w.org\/{rel}","templated":true}]}}