{"id":14,"date":"2011-04-21T13:36:16","date_gmt":"2011-04-21T12:36:16","guid":{"rendered":"http:\/\/eldar.cz\/tompatrick\/?page_id=14"},"modified":"2011-05-13T19:16:10","modified_gmt":"2011-05-13T17:16:10","slug":"kdo-je-tom-patrick","status":"publish","type":"page","link":"https:\/\/eldar.cz\/tompatrick\/kdo-je-tom-patrick","title":{"rendered":"Kdo je Tom Patrick?"},"content":{"rendered":"<div class=\"fcbkbttn_buttons_block\" id=\"fcbkbttn_left\"><div class=\"fcbkbttn_button\">\n                            <a href=\"https:\/\/www.facebook.com\/tom.patrick.509\" target=\"_blank\">\n                                <img decoding=\"async\" src=\"https:\/\/eldar.cz\/tompatrick\/wp-content\/plugins\/facebook-button-plugin\/images\/large-facebook-ico.png\" alt=\"Fb-Button\" \/>\n                            <\/a>\n                        <\/div><div class=\"fcbkbttn_like fcbkbttn_large_button\"><fb:like href=\"https:\/\/eldar.cz\/tompatrick\/kdo-je-tom-patrick\" action=\"like\" colorscheme=\"light\" layout=\"standard\"  width=\"225px\" size=\"large\"><\/fb:like><\/div><div class=\"fb-share-button fcbkbttn_large_button \" data-href=\"https:\/\/eldar.cz\/tompatrick\/kdo-je-tom-patrick\" data-type=\"button_count\" data-size=\"large\"><\/div><\/div><p>Vlastn\u00edm jm\u00e9nem V\u00e1clav Hrd\u00fd. Cel\u00fd \u017eivot \u017eije v Pod\u011bbradech, kter\u00e9 jen nerad opou\u0161t\u00ed.<br \/>\nZprvu se v\u011bnoval hudb\u011b. Na Internetu vydal alba Vision a Synthphony, jejich\u017e kompilac\u00ed je hudebn\u00ed CD Vision of Synthphony p\u0159ilo\u017een\u00e9 k <a href=\"http:\/\/eldar.cz\/savalba\/tom_patrick-city_means\/\">prvn\u00edmu d\u00edlu t\u00e9to knihy<\/a>.<br \/>\nRom\u00e1ny za\u010dal ps\u00e1t proto, aby osvobodil n\u00e1m\u011bty a obrazy ze sv\u00e9 mysli. P\u0159izn\u00e1v\u00e1, \u017ee lep\u0161\u00ed by byl \u201e\u017eiv\u00fd obraz\u201c, kter\u00e9ho v\u0161ak nelze snadno doc\u00edlit, leda na filmov\u00e9m pl\u00e1tn\u011b. A tak se do autorova vid\u011bn\u00ed sv\u011bta pokou\u0161\u00ed vstoupit dokument\u00e1rn\u00ed film <a href=\"http:\/\/eldar.cz\/mozek\">Souboj s mozkem<\/a>.<br \/>\nZ\u00e1sadn\u00edm zlomem p\u0159i psan\u00ed knihy bylo, kdy\u017e postavy za\u010daly jaksi samy o\u017e\u00edvat a vstupovat s autorem do dialogu.<br \/>\nZ\u00e1kladn\u00edm autorov\u00fdm kr\u00e9dem je, \u017ee v knize by se nem\u011blo d\u00edt nic, co by \u010dlov\u011bk nerad za\u017eil v re\u00e1lu. Lehk\u00e9 nadp\u0159irozeno, kter\u00e9 je nad jeho d\u00edlem rozprost\u0159eno, by m\u011blo m\u00edt v\u017edy re\u00e1ln\u00e9 vysv\u011btlen\u00ed. Ve sv\u00e9 posedlosti \u017e\u00e1nry tedy zakl\u00e1d\u00e1 \u017e\u00e1nr nov\u00fd, jen\u017e pojmenoval THINKFAN COMREAL \u2013 <em>Thinking Fantasy Coming from the Real World<\/em>.<\/p>\n<ul>\n<li><a href=\"http:\/\/nymbursky.denik.cz\/kultura_region\/rozhovorshrdym_nymburk20110331.html\">rozhovor s Tomem Patrickem<\/a> v Nymbursk\u00e9m den\u00edku<\/li>\n<\/ul>\n<div class=\"fcbkbttn_buttons_block\" id=\"fcbkbttn_left\"><div class=\"fcbkbttn_button\">\n                            <a href=\"https:\/\/www.facebook.com\/tom.patrick.509\" target=\"_blank\">\n                                <img decoding=\"async\" src=\"https:\/\/eldar.cz\/tompatrick\/wp-content\/plugins\/facebook-button-plugin\/images\/large-facebook-ico.png\" alt=\"Fb-Button\" \/>\n                            <\/a>\n                        <\/div><div class=\"fcbkbttn_like fcbkbttn_large_button\"><fb:like href=\"https:\/\/eldar.cz\/tompatrick\/kdo-je-tom-patrick\" action=\"like\" colorscheme=\"light\" layout=\"standard\"  width=\"225px\" size=\"large\"><\/fb:like><\/div><div class=\"fb-share-button fcbkbttn_large_button \" data-href=\"https:\/\/eldar.cz\/tompatrick\/kdo-je-tom-patrick\" data-type=\"button_count\" data-size=\"large\"><\/div><\/div>","protected":false},"excerpt":{"rendered":"<p>Vlastn\u00edm jm\u00e9nem V\u00e1clav Hrd\u00fd. Cel\u00fd \u017eivot \u017eije v Pod\u011bbradech, kter\u00e9 jen nerad opou\u0161t\u00ed. Zprvu se v\u011bnoval hudb\u011b. Na Internetu vydal alba Vision a Synthphony, jejich\u017e kompilac\u00ed je hudebn\u00ed CD Vision of Synthphony p\u0159ilo\u017een\u00e9 k prvn\u00edmu d\u00edlu t\u00e9to knihy. Rom\u00e1ny za\u010dal &hellip; <a href=\"https:\/\/eldar.cz\/tompatrick\/kdo-je-tom-patrick\">Cel\u00fd p\u0159\u00edsp\u011bvek <span class=\"meta-nav\">&rarr;<\/span><\/a><\/p>\n","protected":false},"author":2,"featured_media":0,"parent":0,"menu_order":0,"comment_status":"open","ping_status":"open","template":"","meta":{"_s2mail":"yes","footnotes":""},"class_list":["post-14","page","type-page","status-publish","hentry"],"_links":{"self":[{"href":"https:\/\/eldar.cz\/tompatrick\/wp-json\/wp\/v2\/pages\/14","targetHints":{"allow":["GET"]}}],"collection":[{"href":"https:\/\/eldar.cz\/tompatrick\/wp-json\/wp\/v2\/pages"}],"about":[{"href":"https:\/\/eldar.cz\/tompatrick\/wp-json\/wp\/v2\/types\/page"}],"author":[{"embeddable":true,"href":"https:\/\/eldar.cz\/tompatrick\/wp-json\/wp\/v2\/users\/2"}],"replies":[{"embeddable":true,"href":"https:\/\/eldar.cz\/tompatrick\/wp-json\/wp\/v2\/comments?post=14"}],"version-history":[{"count":5,"href":"https:\/\/eldar.cz\/tompatrick\/wp-json\/wp\/v2\/pages\/14\/revisions"}],"predecessor-version":[{"id":87,"href":"https:\/\/eldar.cz\/tompatrick\/wp-json\/wp\/v2\/pages\/14\/revisions\/87"}],"wp:attachment":[{"href":"https:\/\/eldar.cz\/tompatrick\/wp-json\/wp\/v2\/media?parent=14"}],"curies":[{"name":"wp","href":"https:\/\/api.w.org\/{rel}","templated":true}]}}