{"id":11,"date":"2011-04-21T13:34:51","date_gmt":"2011-04-21T12:34:51","guid":{"rendered":"http:\/\/eldar.cz\/tompatrick\/?page_id=11"},"modified":"2011-04-21T13:34:51","modified_gmt":"2011-04-21T12:34:51","slug":"prvni-dil-knihy","status":"publish","type":"page","link":"https:\/\/eldar.cz\/tompatrick\/prvni-dil-knihy","title":{"rendered":"Prvn\u00ed d\u00edl knihy"},"content":{"rendered":"<div class=\"fcbkbttn_buttons_block\" id=\"fcbkbttn_left\"><div class=\"fcbkbttn_button\">\n                            <a href=\"https:\/\/www.facebook.com\/tom.patrick.509\" target=\"_blank\">\n                                <img decoding=\"async\" src=\"https:\/\/eldar.cz\/tompatrick\/wp-content\/plugins\/facebook-button-plugin\/images\/large-facebook-ico.png\" alt=\"Fb-Button\" \/>\n                            <\/a>\n                        <\/div><div class=\"fcbkbttn_like fcbkbttn_large_button\"><fb:like href=\"https:\/\/eldar.cz\/tompatrick\/prvni-dil-knihy\" action=\"like\" colorscheme=\"light\" layout=\"standard\"  width=\"225px\" size=\"large\"><\/fb:like><\/div><div class=\"fb-share-button fcbkbttn_large_button \" data-href=\"https:\/\/eldar.cz\/tompatrick\/prvni-dil-knihy\" data-type=\"button_count\" data-size=\"large\"><\/div><\/div><p>Prvn\u00ed d\u00edl knihy <em>City Means &#8212; M\u011bsto pln\u00e9 n\u00e1vrat\u016f<\/em> vy\u0161el v ti\u0161t\u011bn\u00e9 podob\u011b, ve skvostn\u00e9 grafick\u00e9 \u00faprav\u011b, s mnoha p\u0159\u00edlohami a je k zakoupen\u00ed <a href=\"http:\/\/eldar.cz\/city_means\" target=\"_blank\">online<\/a>.<\/p>\n<div class=\"fcbkbttn_buttons_block\" id=\"fcbkbttn_left\"><div class=\"fcbkbttn_button\">\n                            <a href=\"https:\/\/www.facebook.com\/tom.patrick.509\" target=\"_blank\">\n                                <img decoding=\"async\" src=\"https:\/\/eldar.cz\/tompatrick\/wp-content\/plugins\/facebook-button-plugin\/images\/large-facebook-ico.png\" alt=\"Fb-Button\" \/>\n                            <\/a>\n                        <\/div><div class=\"fcbkbttn_like fcbkbttn_large_button\"><fb:like href=\"https:\/\/eldar.cz\/tompatrick\/prvni-dil-knihy\" action=\"like\" colorscheme=\"light\" layout=\"standard\"  width=\"225px\" size=\"large\"><\/fb:like><\/div><div class=\"fb-share-button fcbkbttn_large_button \" data-href=\"https:\/\/eldar.cz\/tompatrick\/prvni-dil-knihy\" data-type=\"button_count\" data-size=\"large\"><\/div><\/div>","protected":false},"excerpt":{"rendered":"<p>Prvn\u00ed d\u00edl knihy City Means &#8212; M\u011bsto pln\u00e9 n\u00e1vrat\u016f vy\u0161el v ti\u0161t\u011bn\u00e9 podob\u011b, ve skvostn\u00e9 grafick\u00e9 \u00faprav\u011b, s mnoha p\u0159\u00edlohami a je k zakoupen\u00ed online.<\/p>\n","protected":false},"author":1,"featured_media":0,"parent":0,"menu_order":0,"comment_status":"open","ping_status":"open","template":"","meta":{"_s2mail":"","footnotes":""},"class_list":["post-11","page","type-page","status-publish","hentry"],"_links":{"self":[{"href":"https:\/\/eldar.cz\/tompatrick\/wp-json\/wp\/v2\/pages\/11","targetHints":{"allow":["GET"]}}],"collection":[{"href":"https:\/\/eldar.cz\/tompatrick\/wp-json\/wp\/v2\/pages"}],"about":[{"href":"https:\/\/eldar.cz\/tompatrick\/wp-json\/wp\/v2\/types\/page"}],"author":[{"embeddable":true,"href":"https:\/\/eldar.cz\/tompatrick\/wp-json\/wp\/v2\/users\/1"}],"replies":[{"embeddable":true,"href":"https:\/\/eldar.cz\/tompatrick\/wp-json\/wp\/v2\/comments?post=11"}],"version-history":[{"count":1,"href":"https:\/\/eldar.cz\/tompatrick\/wp-json\/wp\/v2\/pages\/11\/revisions"}],"predecessor-version":[{"id":12,"href":"https:\/\/eldar.cz\/tompatrick\/wp-json\/wp\/v2\/pages\/11\/revisions\/12"}],"wp:attachment":[{"href":"https:\/\/eldar.cz\/tompatrick\/wp-json\/wp\/v2\/media?parent=11"}],"curies":[{"name":"wp","href":"https:\/\/api.w.org\/{rel}","templated":true}]}}